{"id":107,"date":"2025-12-26T18:01:34","date_gmt":"2025-12-26T16:01:34","guid":{"rendered":"https:\/\/loaf.helpdesk.foundation\/?post_type=product&#038;p=107"},"modified":"2026-03-01T19:02:44","modified_gmt":"2026-03-01T17:02:44","slug":"lot-107","status":"publish","type":"product","link":"https:\/\/loaf.helpdesk.foundation\/en\/items\/lot-107\/","title":{"rendered":"P\u00e1l Attila T\u00f3th [Levitating Bread]"},"content":{"rendered":"<p class=\"p1\"><b>P\u00e1l Attila T\u00f3th<br \/>\n<\/b><strong>Levitating Bread, 2022<\/strong><\/p>\n<p class=\"p2\">print on paper<br \/>\n60 \u00d7 50 cm<\/p>\n<p class=\"p2\"><b>Artist's Quote:<\/b><\/p>\n<p class=\"p3\">This photo is a part of my ongoing series Levitating Objects. The project started from an idea of capturing childhood feelings - summers in the village with my grandparents, and the mix of fears and innocence I felt back then. I first imagined the series to be much darker, inspired by the strange atmosphere of my sleep paralysis nightmares, where something unexplainable could happen in the corner of a room. Over time, that plan shifted into a more open-ended search for that feeling, which is why I've kept returning to this project for the recent years.<\/p>","protected":false},"excerpt":{"rendered":"<p>P\u00e1l Attila T\u00f3th Levitating Bread, 2022 print on paper 60 \u00d7 50 cm Artist\u2019s Quote: This photo is a part of my ongoing series Levitating Objects. The project started from an idea of capturing childhood feelings &#8212; summers in the village with my grandparents, and the mix of fears and innocence I felt back then. [&hellip;]<\/p>\n","protected":false},"featured_media":121,"template":"","meta":[],"product_brand":[],"product_cat":[15],"product_tag":[],"class_list":{"0":"post-107","1":"product","2":"type-product","3":"status-publish","4":"has-post-thumbnail","6":"product_cat-uncategorized","8":"first","9":"outofstock","10":"sold-individually","11":"shipping-taxable","12":"product-type-auction"},"jetpack_sharing_enabled":true,"_links":{"self":[{"href":"https:\/\/loaf.helpdesk.foundation\/en\/wp-json\/wp\/v2\/product\/107","targetHints":{"allow":["GET"]}}],"collection":[{"href":"https:\/\/loaf.helpdesk.foundation\/en\/wp-json\/wp\/v2\/product"}],"about":[{"href":"https:\/\/loaf.helpdesk.foundation\/en\/wp-json\/wp\/v2\/types\/product"}],"wp:featuredmedia":[{"embeddable":true,"href":"https:\/\/loaf.helpdesk.foundation\/en\/wp-json\/wp\/v2\/media\/121"}],"wp:attachment":[{"href":"https:\/\/loaf.helpdesk.foundation\/en\/wp-json\/wp\/v2\/media?parent=107"}],"wp:term":[{"taxonomy":"product_brand","embeddable":true,"href":"https:\/\/loaf.helpdesk.foundation\/en\/wp-json\/wp\/v2\/product_brand?post=107"},{"taxonomy":"product_cat","embeddable":true,"href":"https:\/\/loaf.helpdesk.foundation\/en\/wp-json\/wp\/v2\/product_cat?post=107"},{"taxonomy":"product_tag","embeddable":true,"href":"https:\/\/loaf.helpdesk.foundation\/en\/wp-json\/wp\/v2\/product_tag?post=107"}],"curies":[{"name":"wp","href":"https:\/\/api.w.org\/{rel}","templated":true}]}}